{"id":11077,"date":"2021-02-16T17:31:27","date_gmt":"2021-02-16T22:31:27","guid":{"rendered":"https:\/\/virtua-development.ca\/new-ceppp\/lab\/"},"modified":"2022-03-21T10:44:13","modified_gmt":"2022-03-21T14:44:13","slug":"lab","status":"publish","type":"page","link":"https:\/\/ceppp.ca\/en\/lab\/","title":{"rendered":"Lab"},"content":{"rendered":"\t\t<div data-elementor-type=\"wp-post\" data-elementor-id=\"11077\" class=\"elementor elementor-11077 elementor-3579\" data-elementor-post-type=\"page\">\n\t\t\t\t\t\t<section class=\"elementor-section elementor-top-section elementor-element elementor-element-017b886 elementor-section-stretched hide_bg_image_on_tablet hide_bg_image_on_mobile elementor-section-boxed elementor-section-height-default elementor-section-height-default\" data-id=\"017b886\" data-element_type=\"section\" data-e-type=\"section\" data-settings=\"{&quot;stretch_section&quot;:&quot;section-stretched&quot;,&quot;background_background&quot;:&quot;classic&quot;}\">\n\t\t\t\t\t\t<div class=\"elementor-container elementor-column-gap-no\">\n\t\t\t\t\t<div class=\"elementor-column elementor-col-100 elementor-top-column elementor-element elementor-element-c749720 sc_layouts_column_icons_position_left\" data-id=\"c749720\" data-element_type=\"column\" data-e-type=\"column\">\n\t\t\t<div class=\"elementor-widget-wrap elementor-element-populated\">\n\t\t\t\t\t\t<section class=\"elementor-section elementor-top-section elementor-element elementor-element-9beffd9 elementor-section-boxed elementor-section-height-default elementor-section-height-default\" data-id=\"9beffd9\" data-element_type=\"section\" data-e-type=\"section\" data-settings=\"{&quot;background_background&quot;:&quot;classic&quot;}\">\n\t\t\t\t\t\t<div class=\"elementor-container elementor-column-gap-extended\">\n\t\t\t\t\t<div class=\"elementor-column elementor-col-100 elementor-top-column elementor-element elementor-element-95a8074 sc_layouts_column_icons_position_left\" data-id=\"95a8074\" data-element_type=\"column\" data-e-type=\"column\">\n\t\t\t<div class=\"elementor-widget-wrap elementor-element-populated\">\n\t\t\t\t\t\t<div class=\"elementor-element elementor-element-7158627 elementor-widget elementor-widget-spacer\" data-id=\"7158627\" data-element_type=\"widget\" data-e-type=\"widget\" data-widget_type=\"spacer.default\">\n\t\t\t\t\t\t\t<div class=\"elementor-spacer\">\n\t\t\t<div class=\"elementor-spacer-inner\"><\/div>\n\t\t<\/div>\n\t\t\t\t\t\t<\/div>\n\t\t\t\t<div class=\"elementor-element elementor-element-8ed987e elementor-widget elementor-widget-heading\" data-id=\"8ed987e\" data-element_type=\"widget\" data-e-type=\"widget\" data-widget_type=\"heading.default\">\n\t\t\t\t\t<h3 class=\"elementor-heading-title elementor-size-default\">Partnership Lab<\/h3>\t\t\t\t<\/div>\n\t\t\t\t<div class=\"elementor-element elementor-element-b33f34f elementor-widget elementor-widget-heading\" data-id=\"b33f34f\" data-element_type=\"widget\" data-e-type=\"widget\" data-widget_type=\"heading.default\">\n\t\t\t\t\t<h4 class=\"elementor-heading-title elementor-size-default\">Transforming the approach to healthcare by supporting research and contributing to the science of partnership with patients and the public.<\/h4>\t\t\t\t<\/div>\n\t\t\t\t<div class=\"elementor-element elementor-element-bf0be3c elementor-widget elementor-widget-spacer\" data-id=\"bf0be3c\" data-element_type=\"widget\" data-e-type=\"widget\" data-widget_type=\"spacer.default\">\n\t\t\t\t\t\t\t<div class=\"elementor-spacer\">\n\t\t\t<div class=\"elementor-spacer-inner\"><\/div>\n\t\t<\/div>\n\t\t\t\t\t\t<\/div>\n\t\t\t\t<div class=\"elementor-element elementor-element-1dcb0e5 elementor-widget elementor-widget-text-editor\" data-id=\"1dcb0e5\" data-element_type=\"widget\" data-e-type=\"widget\" data-widget_type=\"text-editor.default\">\n\t\t\t\t\t\t\t\t\t<p>Whether located in physical or virtual environments, researchers, members of the public (patients, carers, and the community), and health professionals (clinicians, administrators, decision-makers) design implement and evaluate new research, care and management practices. The Partnership lab regularly contributes its expertise in health system transformation projects and within public debates on the social or ethical aspects of health.<\/p><p>Les diverses expertises du Labo (sciences politiques, sciences sociales, sciences de la gestion, sant\u00e9 num\u00e9rique) sont r\u00e9guli\u00e8rement mises \u00e0 contribution dans des projets de transformation du syst\u00e8me de sant\u00e9 et pour des d\u00e9bats publics sur les aspects sociaux ou \u00e9thiques de la sant\u00e9.<\/p>\t\t\t\t\t\t\t\t<\/div>\n\t\t\t\t<div class=\"elementor-element elementor-element-31504e7 elementor-widget elementor-widget-spacer\" data-id=\"31504e7\" data-element_type=\"widget\" data-e-type=\"widget\" data-widget_type=\"spacer.default\">\n\t\t\t\t\t\t\t<div class=\"elementor-spacer\">\n\t\t\t<div class=\"elementor-spacer-inner\"><\/div>\n\t\t<\/div>\n\t\t\t\t\t\t<\/div>\n\t\t\t\t<div class=\"elementor-element elementor-element-79e8dfd elementor-widget elementor-widget-heading\" data-id=\"79e8dfd\" data-element_type=\"widget\" data-e-type=\"widget\" data-widget_type=\"heading.default\">\n\t\t\t\t\t<h4 class=\"elementor-heading-title elementor-size-default\">Knowledge Series<\/h4>\t\t\t\t<\/div>\n\t\t\t\t<div class=\"elementor-element elementor-element-62140f6 elementor-widget elementor-widget-text-editor\" data-id=\"62140f6\" data-element_type=\"widget\" data-e-type=\"widget\" data-widget_type=\"text-editor.default\">\n\t\t\t\t\t\t\t\t\t<p>The S\u00e9rie Savoirs (Knowledge Series) aims to support the development of science on partnership with patients and the public. Its objective is to create a space for reflection and exchanges on a research project or an idea developed in this field, as well as an opportunity to network with researchers, students, and patient partners.<\/p><p>We invite you to complete the attached form to learn more about the program and to register by clicking on this link: https:\/\/forms.gle\/aaCRkLRPTwJAkWzT9<\/p>\t\t\t\t\t\t\t\t<\/div>\n\t\t\t\t<div class=\"elementor-element elementor-element-7124c53 elementor-widget elementor-widget-spacer\" data-id=\"7124c53\" data-element_type=\"widget\" data-e-type=\"widget\" data-widget_type=\"spacer.default\">\n\t\t\t\t\t\t\t<div class=\"elementor-spacer\">\n\t\t\t<div class=\"elementor-spacer-inner\"><\/div>\n\t\t<\/div>\n\t\t\t\t\t\t<\/div>\n\t\t\t\t<div class=\"elementor-element elementor-element-635a0e4 elementor-widget elementor-widget-heading\" data-id=\"635a0e4\" data-element_type=\"widget\" data-e-type=\"widget\" data-widget_type=\"heading.default\">\n\t\t\t\t\t<h4 class=\"elementor-heading-title elementor-size-default\">Journal Club<\/h4>\t\t\t\t<\/div>\n\t\t\t\t<div class=\"elementor-element elementor-element-66691c9 elementor-widget elementor-widget-text-editor\" data-id=\"66691c9\" data-element_type=\"widget\" data-e-type=\"widget\" data-widget_type=\"text-editor.default\">\n\t\t\t\t\t\t\t\t\t<p>The Journal Club meets once a month on Fridays from noon to 1:00 p.m. EDT to discuss partnership on the basis of a support, such as an article, book, or other. The purpose of the activity is to read about partnership in different domains, discuss them as a group, and ultimately reflect further together. <\/p><p><span id=\"x_gmail-m_375317560627334075x_m_-7273030639771792055m_-4424959097820218603m_-6948596045071642682gmail-docs-internal-guid-878a60f7-7fff-eb50-761d-5b5a1bf703cc\"><span style=\"font-family: arial, sans-serif;\">In addition to participating in the sessions, you can suggest articles, books, or other materials that interest you for a future session. <\/span><\/span><\/p><p><strong><span id=\"x_gmail-m_375317560627334075x_m_-7273030639771792055m_-4424959097820218603m_-6948596045071642682gmail-docs-internal-guid-878a60f7-7fff-eb50-761d-5b5a1bf703cc\"><span style=\"font-family: arial, sans-serif;\">You can register to participate in future Journal Club sessions by filling out this form: <a title=\"Protected by Outlook: https:\/\/forms.gle\/9xaoZbjQSi7LLCnp6. Click or tap to follow the link.\" href=\"https:\/\/nam12.safelinks.protection.outlook.com\/?url=https%3A%2F%2Fforms.gle%2F9xaoZbjQSi7LLCnp6&amp;data=04%7C01%7C%7Ca8b20b2e826542b6f5fe08d9f7f06381%7C84df9e7fe9f640afb435aaaaaaaaaaaa%7C1%7C0%7C637813434104055819%7CUnknown%7CTWFpbGZsb3d8eyJWIjoiMC4wLjAwMDAiLCJQIjoiV2luMzIiLCJBTiI6Ik1haWwiLCJXVCI6Mn0%3D%7C3000&amp;sdata=zjVFKQhalJkmNYgafNfSHwqDer3B4dLElDS2Fw61u3M%3D&amp;reserved=0\" target=\"_blank\" rel=\"noopener noreferrer\" data-auth=\"Verified\" data-linkindex=\"8\">https:\/\/forms.gle\/9xaoZbjQSi7LLCnp6<\/a><\/span><\/span><\/strong><\/p>\t\t\t\t\t\t\t\t<\/div>\n\t\t\t\t<div class=\"elementor-element elementor-element-01d0712 elementor-widget elementor-widget-spacer\" data-id=\"01d0712\" data-element_type=\"widget\" data-e-type=\"widget\" data-widget_type=\"spacer.default\">\n\t\t\t\t\t\t\t<div class=\"elementor-spacer\">\n\t\t\t<div class=\"elementor-spacer-inner\"><\/div>\n\t\t<\/div>\n\t\t\t\t\t\t<\/div>\n\t\t\t\t<div class=\"elementor-element elementor-element-ddf69d7 elementor-widget elementor-widget-heading\" data-id=\"ddf69d7\" data-element_type=\"widget\" data-e-type=\"widget\" data-widget_type=\"heading.default\">\n\t\t\t\t\t<h4 class=\"elementor-heading-title elementor-size-default\">Information digest<\/h4>\t\t\t\t<\/div>\n\t\t\t\t<div class=\"elementor-element elementor-element-9287d8c elementor-widget elementor-widget-text-editor\" data-id=\"9287d8c\" data-element_type=\"widget\" data-e-type=\"widget\" data-widget_type=\"text-editor.default\">\n\t\t\t\t\t\t\t\t\t<p>The Partnership Lab of the Centre of Excellence on Partnership with Patients and the Public (CEPPP) compiles a monthly information digest on patient, citizen and community engagement. The objective of these information \/ publications digest is to support research capacity and knowledge dissemination on patient engagement and partnership and to catalyze exchanges between the different actors in the field in order to maximize common learning.<\/p><p><strong>When:<\/strong> The monthly digest is sent to subscribers in the first week of every month.<br><strong>Where: <\/strong>Online (by email) via the CEPPP digital newsletter.<br><strong>Who<\/strong> (target audience): Students, researchers, research\/health professionals, patient partners.<br><strong>How: Sign up! <a href=\"https:\/\/ceppp.us19.list-manage.com\/subscribe?u=fe6724e4a3bbbac315fa15dd6&amp;id=a562f9236b\" target=\"_blank\" rel=\"noopener\">&#8211;&gt; https:\/\/ceppp.us19.list-manage.com\/subscribe?u=fe6724e4a3bbbac315fa15dd6&amp;id=a562f9236b<\/a> &gt;<\/strong><\/p>\t\t\t\t\t\t\t\t<\/div>\n\t\t\t\t<div class=\"elementor-element elementor-element-22ee8d8 elementor-widget elementor-widget-spacer\" data-id=\"22ee8d8\" data-element_type=\"widget\" data-e-type=\"widget\" data-widget_type=\"spacer.default\">\n\t\t\t\t\t\t\t<div class=\"elementor-spacer\">\n\t\t\t<div class=\"elementor-spacer-inner\"><\/div>\n\t\t<\/div>\n\t\t\t\t\t\t<\/div>\n\t\t\t\t<div class=\"elementor-element elementor-element-bf012d1 elementor-widget elementor-widget-heading\" data-id=\"bf012d1\" data-element_type=\"widget\" data-e-type=\"widget\" data-widget_type=\"heading.default\">\n\t\t\t\t\t<h4 class=\"elementor-heading-title elementor-size-default\">Contact information <\/h4>\t\t\t\t<\/div>\n\t\t\t\t<div class=\"elementor-element elementor-element-f855e79 elementor-widget elementor-widget-text-editor\" data-id=\"f855e79\" data-element_type=\"widget\" data-e-type=\"widget\" data-widget_type=\"text-editor.default\">\n\t\t\t\t\t\t\t\t\t<p>For any questions, please contact the person responsible for the scientific activities at the Partnership Lab, Eleonora Bogdanova: <a href=\"mailto:eleonora.bogdanova@ceppp.ca\" target=\"_blank\" rel=\"noopener noreferrer\" data-auth=\"NotApplicable\" data-linkindex=\"9\">eleonora.bogdanova@ceppp.ca<\/a><\/p>\t\t\t\t\t\t\t\t<\/div>\n\t\t\t\t<div class=\"elementor-element elementor-element-8992d67 elementor-widget elementor-widget-spacer\" data-id=\"8992d67\" data-element_type=\"widget\" data-e-type=\"widget\" data-widget_type=\"spacer.default\">\n\t\t\t\t\t\t\t<div class=\"elementor-spacer\">\n\t\t\t<div class=\"elementor-spacer-inner\"><\/div>\n\t\t<\/div>\n\t\t\t\t\t\t<\/div>\n\t\t\t\t<div class=\"elementor-element elementor-element-743cee1 elementor-widget-divider--view-line elementor-widget elementor-widget-divider\" data-id=\"743cee1\" data-element_type=\"widget\" data-e-type=\"widget\" data-widget_type=\"divider.default\">\n\t\t\t\t\t\t\t<div class=\"elementor-divider\">\n\t\t\t<span class=\"elementor-divider-separator\">\n\t\t\t\t\t\t<\/span>\n\t\t<\/div>\n\t\t\t\t\t\t<\/div>\n\t\t\t\t<div class=\"elementor-element elementor-element-f498f3b elementor-widget elementor-widget-html\" data-id=\"f498f3b\" data-element_type=\"widget\" data-e-type=\"widget\" data-widget_type=\"html.default\">\n\t\t\t\t\t<a class=\"twitter-timeline\" data-height=\"1300\" href=\"https:\/\/twitter.com\/PartenariatLabo?ref_src=twsrc%5Etfw\">PartenariatLabo Tweets<\/a> <script async=\"\" src=\"https:\/\/platform.twitter.com\/widgets.js\" charset=\"utf-8\"><\/script>\t\t\t\t<\/div>\n\t\t\t\t\t<\/div>\n\t\t<\/div>\n\t\t\t\t\t<\/div>\n\t\t<\/section>\n\t\t\t\t\t<\/div>\n\t\t<\/div>\n\t\t\t\t\t<\/div>\n\t\t<\/section>\n\t\t\t\t<section class=\"elementor-section elementor-top-section elementor-element elementor-element-6c28972 elementor-section-boxed elementor-section-height-default elementor-section-height-default\" data-id=\"6c28972\" data-element_type=\"section\" data-e-type=\"section\">\n\t\t\t\t\t\t<div class=\"elementor-container elementor-column-gap-extended\">\n\t\t\t\t\t<div class=\"elementor-column elementor-col-100 elementor-top-column elementor-element elementor-element-600d8d4 sc_layouts_column_icons_position_left\" data-id=\"600d8d4\" data-element_type=\"column\" data-e-type=\"column\">\n\t\t\t<div class=\"elementor-widget-wrap elementor-element-populated\">\n\t\t\t\t\t\t<div class=\"elementor-element elementor-element-93421fd elementor-widget elementor-widget-spacer\" data-id=\"93421fd\" data-element_type=\"widget\" data-e-type=\"widget\" data-widget_type=\"spacer.default\">\n\t\t\t\t\t\t\t<div class=\"elementor-spacer\">\n\t\t\t<div class=\"elementor-spacer-inner\"><\/div>\n\t\t<\/div>\n\t\t\t\t\t\t<\/div>\n\t\t\t\t\t<\/div>\n\t\t<\/div>\n\t\t\t\t\t<\/div>\n\t\t<\/section>\n\t\t\t\t<\/div>\n\t\t","protected":false},"excerpt":{"rendered":"<p>Partnership Lab Transforming the approach to healthcare by supporting research and contributing to the science of partnership with patients and the public. Whether located in physical or virtual environments, researchers, members of the public (patients, carers, and the community),&hellip;<\/p>\n","protected":false},"author":1,"featured_media":0,"parent":0,"menu_order":0,"comment_status":"closed","ping_status":"closed","template":"","meta":{"inline_featured_image":false,"footnotes":""},"class_list":["post-11077","page","type-page","status-publish","hentry"],"_links":{"self":[{"href":"https:\/\/ceppp.ca\/en\/wp-json\/wp\/v2\/pages\/11077","targetHints":{"allow":["GET"]}}],"collection":[{"href":"https:\/\/ceppp.ca\/en\/wp-json\/wp\/v2\/pages"}],"about":[{"href":"https:\/\/ceppp.ca\/en\/wp-json\/wp\/v2\/types\/page"}],"author":[{"embeddable":true,"href":"https:\/\/ceppp.ca\/en\/wp-json\/wp\/v2\/users\/1"}],"replies":[{"embeddable":true,"href":"https:\/\/ceppp.ca\/en\/wp-json\/wp\/v2\/comments?post=11077"}],"version-history":[{"count":0,"href":"https:\/\/ceppp.ca\/en\/wp-json\/wp\/v2\/pages\/11077\/revisions"}],"wp:attachment":[{"href":"https:\/\/ceppp.ca\/en\/wp-json\/wp\/v2\/media?parent=11077"}],"curies":[{"name":"wp","href":"https:\/\/api.w.org\/{rel}","templated":true}]}}