{"id":11081,"date":"2021-02-16T17:46:34","date_gmt":"2021-02-16T22:46:34","guid":{"rendered":"https:\/\/virtua-development.ca\/new-ceppp\/network\/"},"modified":"2021-07-22T18:31:27","modified_gmt":"2021-07-22T22:31:27","slug":"network","status":"publish","type":"page","link":"https:\/\/ceppp.ca\/en\/network\/","title":{"rendered":"Network"},"content":{"rendered":"\t\t<div data-elementor-type=\"wp-post\" data-elementor-id=\"11081\" class=\"elementor elementor-11081 elementor-3589\" data-elementor-post-type=\"page\">\n\t\t\t\t\t\t<section class=\"elementor-section elementor-top-section elementor-element elementor-element-017b886 elementor-section-stretched hide_bg_image_on_tablet hide_bg_image_on_mobile elementor-section-boxed elementor-section-height-default elementor-section-height-default\" data-id=\"017b886\" data-element_type=\"section\" data-e-type=\"section\" data-settings=\"{&quot;stretch_section&quot;:&quot;section-stretched&quot;,&quot;background_background&quot;:&quot;classic&quot;}\">\n\t\t\t\t\t\t<div class=\"elementor-container elementor-column-gap-no\">\n\t\t\t\t\t<div class=\"elementor-column elementor-col-100 elementor-top-column elementor-element elementor-element-c749720 sc_layouts_column_icons_position_left\" data-id=\"c749720\" data-element_type=\"column\" data-e-type=\"column\">\n\t\t\t<div class=\"elementor-widget-wrap elementor-element-populated\">\n\t\t\t\t\t\t<section class=\"elementor-section elementor-top-section elementor-element elementor-element-9beffd9 elementor-section-boxed elementor-section-height-default elementor-section-height-default\" data-id=\"9beffd9\" data-element_type=\"section\" data-e-type=\"section\" data-settings=\"{&quot;background_background&quot;:&quot;classic&quot;}\">\n\t\t\t\t\t\t<div class=\"elementor-container elementor-column-gap-extended\">\n\t\t\t\t\t<div class=\"elementor-column elementor-col-100 elementor-top-column elementor-element elementor-element-95a8074 sc_layouts_column_icons_position_left\" data-id=\"95a8074\" data-element_type=\"column\" data-e-type=\"column\">\n\t\t\t<div class=\"elementor-widget-wrap elementor-element-populated\">\n\t\t\t\t\t\t<div class=\"elementor-element elementor-element-7158627 elementor-widget elementor-widget-spacer\" data-id=\"7158627\" data-element_type=\"widget\" data-e-type=\"widget\" data-widget_type=\"spacer.default\">\n\t\t\t\t\t\t\t<div class=\"elementor-spacer\">\n\t\t\t<div class=\"elementor-spacer-inner\"><\/div>\n\t\t<\/div>\n\t\t\t\t\t\t<\/div>\n\t\t\t\t<div class=\"elementor-element elementor-element-8ed987e elementor-widget elementor-widget-heading\" data-id=\"8ed987e\" data-element_type=\"widget\" data-e-type=\"widget\" data-widget_type=\"heading.default\">\n\t\t\t\t\t<h3 class=\"elementor-heading-title elementor-size-default\">R\u00e9seau du partenariat<\/h3>\t\t\t\t<\/div>\n\t\t\t\t<div class=\"elementor-element elementor-element-1dcb0e5 elementor-widget elementor-widget-text-editor\" data-id=\"1dcb0e5\" data-element_type=\"widget\" data-e-type=\"widget\" data-widget_type=\"text-editor.default\">\n\t\t\t\t\t\t\t\t\t<p>In this vast interdisciplinary network, all knowledge and all experiences are valued and contribute to the development of collective know-how. National and foreign research centers, universities, patients, engaged citizens, health professionals, managers, natural caregivers, all are invited to collaborate.<\/p>\n\t\t\t\t\t\t\t\t<\/div>\n\t\t\t\t<div class=\"elementor-element elementor-element-84186f8 elementor-widget elementor-widget-spacer\" data-id=\"84186f8\" data-element_type=\"widget\" data-e-type=\"widget\" data-widget_type=\"spacer.default\">\n\t\t\t\t\t\t\t<div class=\"elementor-spacer\">\n\t\t\t<div class=\"elementor-spacer-inner\"><\/div>\n\t\t<\/div>\n\t\t\t\t\t\t<\/div>\n\t\t\t\t<div class=\"elementor-element elementor-element-7f82560 elementor-widget elementor-widget-heading\" data-id=\"7f82560\" data-element_type=\"widget\" data-e-type=\"widget\" data-widget_type=\"heading.default\">\n\t\t\t\t\t<h2 class=\"elementor-heading-title elementor-size-large\">Community of Practice of Patients and Citizens who are Partners in Health Research in Quebec<div><\/div><\/h2>\t\t\t\t<\/div>\n\t\t\t\t<div class=\"elementor-element elementor-element-b41ec8c elementor-widget elementor-widget-text-editor\" data-id=\"b41ec8c\" data-element_type=\"widget\" data-e-type=\"widget\" data-widget_type=\"text-editor.default\">\n\t\t\t\t\t\t\t\t\t<p><span style=\"font-size: 10pt; font-family: Arial, sans-serif; background-image: initial; background-position: initial; background-size: initial; background-repeat: initial; background-attachment: initial; background-origin: initial; background-clip: initial;\"><strong>The mission of the Community of Practice of Patients and Citizens who are Partners in Health Research in Quebec is to :<\/strong><br \/>1- Support the exchange and development of the capacities of patients and citizens who are partners in health research in Quebec; <br \/>2- Allow the emergence of structuring initiatives by patients and citizens who are partners in health research in Quebec;<br \/>3- Act as an advisory resource to the General and Scientific Directorate of the Quebec SRAP Support Unit.<br \/><strong>To achieve this, the Community has the following objectives:<\/strong> <br \/>1- Eliminate the silos that exist between the different patient-oriented research networks in Quebec; <br \/>2- Organize an activity that will bring together patients and citizens who are partners in health research in Quebec; 3- Express opinions on issues of interest to health research in Quebec<\/span><\/p>\n\t\t\t\t\t\t\t\t<\/div>\n\t\t\t\t<div class=\"elementor-element elementor-element-de8d294 elementor-widget elementor-widget-spacer\" data-id=\"de8d294\" data-element_type=\"widget\" data-e-type=\"widget\" data-widget_type=\"spacer.default\">\n\t\t\t\t\t\t\t<div class=\"elementor-spacer\">\n\t\t\t<div class=\"elementor-spacer-inner\"><\/div>\n\t\t<\/div>\n\t\t\t\t\t\t<\/div>\n\t\t\t\t<div class=\"elementor-element elementor-element-def88a1 elementor-widget elementor-widget-heading\" data-id=\"def88a1\" data-element_type=\"widget\" data-e-type=\"widget\" data-widget_type=\"heading.default\">\n\t\t\t\t\t<h2 class=\"elementor-heading-title elementor-size-large\">Communaut\u00e9 de pratique R\u00e9seau du partenariat du Centre d\u2019excellence sur le partenariat avec les patients et le public (CEPPP)<div><\/div><\/h2>\t\t\t\t<\/div>\n\t\t\t\t<div class=\"elementor-element elementor-element-38e18d5 elementor-widget elementor-widget-spacer\" data-id=\"38e18d5\" data-element_type=\"widget\" data-e-type=\"widget\" data-widget_type=\"spacer.default\">\n\t\t\t\t\t\t\t<div class=\"elementor-spacer\">\n\t\t\t<div class=\"elementor-spacer-inner\"><\/div>\n\t\t<\/div>\n\t\t\t\t\t\t<\/div>\n\t\t\t\t<section class=\"elementor-section elementor-inner-section elementor-element elementor-element-a39db87 elementor-section-boxed elementor-section-height-default elementor-section-height-default\" data-id=\"a39db87\" data-element_type=\"section\" data-e-type=\"section\">\n\t\t\t\t\t\t<div class=\"elementor-container elementor-column-gap-extended\">\n\t\t\t\t\t<div class=\"elementor-column elementor-col-50 elementor-inner-column elementor-element elementor-element-410a015 sc_layouts_column_icons_position_left\" data-id=\"410a015\" data-element_type=\"column\" data-e-type=\"column\">\n\t\t\t<div class=\"elementor-widget-wrap elementor-element-populated\">\n\t\t\t\t\t\t<div class=\"elementor-element elementor-element-e8f6247 elementor-widget elementor-widget-image\" data-id=\"e8f6247\" data-element_type=\"widget\" data-e-type=\"widget\" data-widget_type=\"image.default\">\n\t\t\t\t\t\t\t\t\t\t\t\t\t\t\t<img fetchpriority=\"high\" decoding=\"async\" width=\"1024\" height=\"271\" src=\"https:\/\/ceppp.ca\/wp-content\/uploads\/2021\/02\/logo-chaire-fond-transparent-1024x271.png\" class=\"attachment-large size-large wp-image-8539\" alt=\"\" srcset=\"https:\/\/ceppp.ca\/wp-content\/uploads\/2021\/02\/logo-chaire-fond-transparent-1024x271.png 1024w, https:\/\/ceppp.ca\/wp-content\/uploads\/2021\/02\/logo-chaire-fond-transparent-300x79.png 300w, https:\/\/ceppp.ca\/wp-content\/uploads\/2021\/02\/logo-chaire-fond-transparent-768x203.png 768w, https:\/\/ceppp.ca\/wp-content\/uploads\/2021\/02\/logo-chaire-fond-transparent-1536x406.png 1536w, https:\/\/ceppp.ca\/wp-content\/uploads\/2021\/02\/logo-chaire-fond-transparent-2048x542.png 2048w, https:\/\/ceppp.ca\/wp-content\/uploads\/2021\/02\/logo-chaire-fond-transparent-370x98.png 370w, https:\/\/ceppp.ca\/wp-content\/uploads\/2021\/02\/logo-chaire-fond-transparent-760x201.png 760w, https:\/\/ceppp.ca\/wp-content\/uploads\/2021\/02\/logo-chaire-fond-transparent-407x108.png 407w\" sizes=\"(max-width: 1024px) 100vw, 1024px\" \/>\t\t\t\t\t\t\t\t\t\t\t\t\t\t\t<\/div>\n\t\t\t\t\t<\/div>\n\t\t<\/div>\n\t\t\t\t<div class=\"elementor-column elementor-col-50 elementor-inner-column elementor-element elementor-element-de57396 sc_layouts_column_icons_position_left\" data-id=\"de57396\" data-element_type=\"column\" data-e-type=\"column\">\n\t\t\t<div class=\"elementor-widget-wrap elementor-element-populated\">\n\t\t\t\t\t\t<div class=\"elementor-element elementor-element-f796435 elementor-widget elementor-widget-text-editor\" data-id=\"f796435\" data-element_type=\"widget\" data-e-type=\"widget\" data-widget_type=\"text-editor.default\">\n\t\t\t\t\t\t\t\t\t<p><span style=\"font-family: 'Source Sans Pro', sans-serif; font-size: 18.288px; font-style: normal; font-weight: 400;\">Le CEPPP collabore avec la <a href=\"https:\/\/chaireengagementpatient.openum.ca\/\" target=\"_blank\" rel=\"noopener\">Chaire de recherche en \u00e9valuation des technologies et des pratiques de pointe<\/a>, \u00e0 une communaut\u00e9 de pratique dans un vaste r\u00e9seau interdisciplinaire, o\u00f9 toutes les connaissances et toutes les exp\u00e9riences sont valoris\u00e9es et contribuent \u00e0 \u00e9laborer un savoir-faire collectif. National and foreign research centers, universities, patients, engaged citizens, health professionals, managers, natural caregivers, all are invited to collaborate.<\/span><\/p>\n\t\t\t\t\t\t\t\t<\/div>\n\t\t\t\t\t<\/div>\n\t\t<\/div>\n\t\t\t\t\t<\/div>\n\t\t<\/section>\n\t\t\t\t<div class=\"elementor-element elementor-element-f87439c elementor-widget elementor-widget-spacer\" data-id=\"f87439c\" data-element_type=\"widget\" data-e-type=\"widget\" data-widget_type=\"spacer.default\">\n\t\t\t\t\t\t\t<div class=\"elementor-spacer\">\n\t\t\t<div class=\"elementor-spacer-inner\"><\/div>\n\t\t<\/div>\n\t\t\t\t\t\t<\/div>\n\t\t\t\t<div class=\"elementor-element elementor-element-ed8d5ef elementor-widget elementor-widget-heading\" data-id=\"ed8d5ef\" data-element_type=\"widget\" data-e-type=\"widget\" data-widget_type=\"heading.default\">\n\t\t\t\t\t<h4 class=\"elementor-heading-title elementor-size-default\"><a href=\"https:\/\/ceppp.ca\/en\/contact-us\/\">Rejoindre le r\u00e9seau -&gt;<\/a><\/h4>\t\t\t\t<\/div>\n\t\t\t\t\t<\/div>\n\t\t<\/div>\n\t\t\t\t\t<\/div>\n\t\t<\/section>\n\t\t\t\t\t<\/div>\n\t\t<\/div>\n\t\t\t\t\t<\/div>\n\t\t<\/section>\n\t\t\t\t<section class=\"elementor-section elementor-top-section elementor-element elementor-element-6c28972 elementor-section-boxed elementor-section-height-default elementor-section-height-default\" data-id=\"6c28972\" data-element_type=\"section\" data-e-type=\"section\">\n\t\t\t\t\t\t<div class=\"elementor-container elementor-column-gap-extended\">\n\t\t\t\t\t<div class=\"elementor-column elementor-col-100 elementor-top-column elementor-element elementor-element-600d8d4 sc_layouts_column_icons_position_left\" data-id=\"600d8d4\" data-element_type=\"column\" data-e-type=\"column\">\n\t\t\t<div class=\"elementor-widget-wrap elementor-element-populated\">\n\t\t\t\t\t\t<div class=\"elementor-element elementor-element-93421fd elementor-widget elementor-widget-spacer\" data-id=\"93421fd\" data-element_type=\"widget\" data-e-type=\"widget\" data-widget_type=\"spacer.default\">\n\t\t\t\t\t\t\t<div class=\"elementor-spacer\">\n\t\t\t<div class=\"elementor-spacer-inner\"><\/div>\n\t\t<\/div>\n\t\t\t\t\t\t<\/div>\n\t\t\t\t\t<\/div>\n\t\t<\/div>\n\t\t\t\t\t<\/div>\n\t\t<\/section>\n\t\t\t\t<\/div>\n\t\t","protected":false},"excerpt":{"rendered":"<p>R\u00e9seau du partenariat In this vast interdisciplinary network, all knowledge and all experiences are valued and contribute to the development of collective know-how. National and foreign research centers, universities, patients, engaged citizens, health professionals, managers, natural caregivers, all are&hellip;<\/p>\n","protected":false},"author":1,"featured_media":0,"parent":0,"menu_order":0,"comment_status":"closed","ping_status":"closed","template":"","meta":{"inline_featured_image":false,"footnotes":""},"class_list":["post-11081","page","type-page","status-publish","hentry"],"_links":{"self":[{"href":"https:\/\/ceppp.ca\/en\/wp-json\/wp\/v2\/pages\/11081","targetHints":{"allow":["GET"]}}],"collection":[{"href":"https:\/\/ceppp.ca\/en\/wp-json\/wp\/v2\/pages"}],"about":[{"href":"https:\/\/ceppp.ca\/en\/wp-json\/wp\/v2\/types\/page"}],"author":[{"embeddable":true,"href":"https:\/\/ceppp.ca\/en\/wp-json\/wp\/v2\/users\/1"}],"replies":[{"embeddable":true,"href":"https:\/\/ceppp.ca\/en\/wp-json\/wp\/v2\/comments?post=11081"}],"version-history":[{"count":0,"href":"https:\/\/ceppp.ca\/en\/wp-json\/wp\/v2\/pages\/11081\/revisions"}],"wp:attachment":[{"href":"https:\/\/ceppp.ca\/en\/wp-json\/wp\/v2\/media?parent=11081"}],"curies":[{"name":"wp","href":"https:\/\/api.w.org\/{rel}","templated":true}]}}